{"id":3931,"date":"2022-12-12T12:43:58","date_gmt":"2022-12-12T10:43:58","guid":{"rendered":"https:\/\/bd-technologies.fr\/acabado-de-perfiles-de-aluminio\/"},"modified":"2024-05-23T08:57:02","modified_gmt":"2024-05-23T06:57:02","slug":"acabado-de-perfiles-de-aluminio","status":"publish","type":"page","link":"https:\/\/bd-technologies.fr\/es\/acabado-de-perfiles-de-aluminio\/","title":{"rendered":"Acabado de perfiles de aluminio"},"content":{"rendered":"\t\t<div data-elementor-type=\"wp-page\" data-elementor-id=\"3931\" class=\"elementor elementor-3931 elementor-2019\" data-elementor-post-type=\"page\">\n\t\t\t\t\t\t<section class=\"elementor-section elementor-top-section elementor-element elementor-element-6013d251 elementor-reverse-mobile elementor-section-stretched elementor-section-boxed elementor-section-height-default elementor-section-height-default\" data-id=\"6013d251\" data-element_type=\"section\" data-e-type=\"section\" data-settings=\"{&quot;stretch_section&quot;:&quot;section-stretched&quot;}\">\n\t\t\t\t\t\t<div class=\"elementor-container elementor-column-gap-default\">\n\t\t\t\t\t<div class=\"elementor-column elementor-col-50 elementor-top-column elementor-element elementor-element-10e013b3\" data-id=\"10e013b3\" data-element_type=\"column\" data-e-type=\"column\">\n\t\t\t<div class=\"elementor-widget-wrap elementor-element-populated\">\n\t\t\t\t\t\t<div class=\"elementor-element elementor-element-48f4f806 custom-menu-valla elementor-icon-list--layout-traditional elementor-list-item-link-full_width elementor-widget elementor-widget-icon-list\" data-id=\"48f4f806\" data-element_type=\"widget\" data-e-type=\"widget\" data-widget_type=\"icon-list.default\">\n\t\t\t\t<div class=\"elementor-widget-container\">\n\t\t\t\t\t\t\t<ul class=\"elementor-icon-list-items\">\n\t\t\t\t\t\t\t<li class=\"elementor-icon-list-item\">\n\t\t\t\t\t\t\t\t\t\t\t<a href=\"https:\/\/bd-technologies.fr\/es\/?page_id=3982\">\n\n\t\t\t\t\t\t\t\t\t\t\t\t<span class=\"elementor-icon-list-icon\">\n\t\t\t\t\t\t\t<svg aria-hidden=\"true\" class=\"e-font-icon-svg e-fas-chevron-right\" viewBox=\"0 0 320 512\" xmlns=\"http:\/\/www.w3.org\/2000\/svg\"><path d=\"M285.476 272.971L91.132 467.314c-9.373 9.373-24.569 9.373-33.941 0l-22.667-22.667c-9.357-9.357-9.375-24.522-.04-33.901L188.505 256 34.484 101.255c-9.335-9.379-9.317-24.544.04-33.901l22.667-22.667c9.373-9.373 24.569-9.373 33.941 0L285.475 239.03c9.373 9.372 9.373 24.568.001 33.941z\"><\/path><\/svg>\t\t\t\t\t\t<\/span>\n\t\t\t\t\t\t\t\t\t\t<span class=\"elementor-icon-list-text\">Mecanizado de alta precisi\u00f3n de piezas de aluminio y otros materiales<\/span>\n\t\t\t\t\t\t\t\t\t\t\t<\/a>\n\t\t\t\t\t\t\t\t\t<\/li>\n\t\t\t\t\t\t\t\t<li class=\"elementor-icon-list-item\">\n\t\t\t\t\t\t\t\t\t\t\t<a href=\"https:\/\/bd-technologies.fr\/es\/?page_id=3931\">\n\n\t\t\t\t\t\t\t\t\t\t\t\t<span class=\"elementor-icon-list-icon\">\n\t\t\t\t\t\t\t<svg aria-hidden=\"true\" class=\"e-font-icon-svg e-fas-chevron-right\" viewBox=\"0 0 320 512\" xmlns=\"http:\/\/www.w3.org\/2000\/svg\"><path d=\"M285.476 272.971L91.132 467.314c-9.373 9.373-24.569 9.373-33.941 0l-22.667-22.667c-9.357-9.357-9.375-24.522-.04-33.901L188.505 256 34.484 101.255c-9.335-9.379-9.317-24.544.04-33.901l22.667-22.667c9.373-9.373 24.569-9.373 33.941 0L285.475 239.03c9.373 9.372 9.373 24.568.001 33.941z\"><\/path><\/svg>\t\t\t\t\t\t<\/span>\n\t\t\t\t\t\t\t\t\t\t<span class=\"elementor-icon-list-text\">Acabado de perfiles de aluminio<\/span>\n\t\t\t\t\t\t\t\t\t\t\t<\/a>\n\t\t\t\t\t\t\t\t\t<\/li>\n\t\t\t\t\t\t\t\t<li class=\"elementor-icon-list-item\">\n\t\t\t\t\t\t\t\t\t\t\t<a href=\"https:\/\/bd-technologies.fr\/es\/?page_id=3856\">\n\n\t\t\t\t\t\t\t\t\t\t\t\t<span class=\"elementor-icon-list-icon\">\n\t\t\t\t\t\t\t<svg aria-hidden=\"true\" class=\"e-font-icon-svg e-fas-chevron-right\" viewBox=\"0 0 320 512\" xmlns=\"http:\/\/www.w3.org\/2000\/svg\"><path d=\"M285.476 272.971L91.132 467.314c-9.373 9.373-24.569 9.373-33.941 0l-22.667-22.667c-9.357-9.357-9.375-24.522-.04-33.901L188.505 256 34.484 101.255c-9.335-9.379-9.317-24.544.04-33.901l22.667-22.667c9.373-9.373 24.569-9.373 33.941 0L285.475 239.03c9.373 9.372 9.373 24.568.001 33.941z\"><\/path><\/svg>\t\t\t\t\t\t<\/span>\n\t\t\t\t\t\t\t\t\t\t<span class=\"elementor-icon-list-text\">Largas longitudes de mecanizado<\/span>\n\t\t\t\t\t\t\t\t\t\t\t<\/a>\n\t\t\t\t\t\t\t\t\t<\/li>\n\t\t\t\t\t\t\t\t<li class=\"elementor-icon-list-item\">\n\t\t\t\t\t\t\t\t\t\t\t<a href=\"https:\/\/bd-technologies.fr\/es\/?page_id=3981\">\n\n\t\t\t\t\t\t\t\t\t\t\t\t<span class=\"elementor-icon-list-icon\">\n\t\t\t\t\t\t\t<svg aria-hidden=\"true\" class=\"e-font-icon-svg e-fas-chevron-right\" viewBox=\"0 0 320 512\" xmlns=\"http:\/\/www.w3.org\/2000\/svg\"><path d=\"M285.476 272.971L91.132 467.314c-9.373 9.373-24.569 9.373-33.941 0l-22.667-22.667c-9.357-9.357-9.375-24.522-.04-33.901L188.505 256 34.484 101.255c-9.335-9.379-9.317-24.544.04-33.901l22.667-22.667c9.373-9.373 24.569-9.373 33.941 0L285.475 239.03c9.373 9.372 9.373 24.568.001 33.941z\"><\/path><\/svg>\t\t\t\t\t\t<\/span>\n\t\t\t\t\t\t\t\t\t\t<span class=\"elementor-icon-list-text\">C\u00e9lula de mecanizado robotizada<\/span>\n\t\t\t\t\t\t\t\t\t\t\t<\/a>\n\t\t\t\t\t\t\t\t\t<\/li>\n\t\t\t\t\t\t\t\t<li class=\"elementor-icon-list-item\">\n\t\t\t\t\t\t\t\t\t\t\t<a href=\"https:\/\/bd-technologies.fr\/es\/?page_id=3837\">\n\n\t\t\t\t\t\t\t\t\t\t\t\t<span class=\"elementor-icon-list-icon\">\n\t\t\t\t\t\t\t<svg aria-hidden=\"true\" class=\"e-font-icon-svg e-fas-chevron-right\" viewBox=\"0 0 320 512\" xmlns=\"http:\/\/www.w3.org\/2000\/svg\"><path d=\"M285.476 272.971L91.132 467.314c-9.373 9.373-24.569 9.373-33.941 0l-22.667-22.667c-9.357-9.357-9.375-24.522-.04-33.901L188.505 256 34.484 101.255c-9.335-9.379-9.317-24.544.04-33.901l22.667-22.667c9.373-9.373 24.569-9.373 33.941 0L285.475 239.03c9.373 9.372 9.373 24.568.001 33.941z\"><\/path><\/svg>\t\t\t\t\t\t<\/span>\n\t\t\t\t\t\t\t\t\t\t<span class=\"elementor-icon-list-text\">Control tridimensional digital - Escaneado<\/span>\n\t\t\t\t\t\t\t\t\t\t\t<\/a>\n\t\t\t\t\t\t\t\t\t<\/li>\n\t\t\t\t\t\t\t\t<li class=\"elementor-icon-list-item\">\n\t\t\t\t\t\t\t\t\t\t\t<a href=\"https:\/\/bd-technologies.fr\/es\/?page_id=3882\">\n\n\t\t\t\t\t\t\t\t\t\t\t\t<span class=\"elementor-icon-list-icon\">\n\t\t\t\t\t\t\t<svg aria-hidden=\"true\" class=\"e-font-icon-svg e-fas-chevron-right\" viewBox=\"0 0 320 512\" xmlns=\"http:\/\/www.w3.org\/2000\/svg\"><path d=\"M285.476 272.971L91.132 467.314c-9.373 9.373-24.569 9.373-33.941 0l-22.667-22.667c-9.357-9.357-9.375-24.522-.04-33.901L188.505 256 34.484 101.255c-9.335-9.379-9.317-24.544.04-33.901l22.667-22.667c9.373-9.373 24.569-9.373 33.941 0L285.475 239.03c9.373 9.372 9.373 24.568.001 33.941z\"><\/path><\/svg>\t\t\t\t\t\t<\/span>\n\t\t\t\t\t\t\t\t\t\t<span class=\"elementor-icon-list-text\">Corte en m\u00e1quinas digitales<\/span>\n\t\t\t\t\t\t\t\t\t\t\t<\/a>\n\t\t\t\t\t\t\t\t\t<\/li>\n\t\t\t\t\t\t\t\t<li class=\"elementor-icon-list-item\">\n\t\t\t\t\t\t\t\t\t\t\t<a href=\"https:\/\/bd-technologies.fr\/es\/?page_id=3834\" class=\"current\">\n\n\t\t\t\t\t\t\t\t\t\t\t\t<span class=\"elementor-icon-list-icon\">\n\t\t\t\t\t\t\t<svg aria-hidden=\"true\" class=\"e-font-icon-svg e-fas-chevron-right\" viewBox=\"0 0 320 512\" xmlns=\"http:\/\/www.w3.org\/2000\/svg\"><path d=\"M285.476 272.971L91.132 467.314c-9.373 9.373-24.569 9.373-33.941 0l-22.667-22.667c-9.357-9.357-9.375-24.522-.04-33.901L188.505 256 34.484 101.255c-9.335-9.379-9.317-24.544.04-33.901l22.667-22.667c9.373-9.373 24.569-9.373 33.941 0L285.475 239.03c9.373 9.372 9.373 24.568.001 33.941z\"><\/path><\/svg>\t\t\t\t\t\t<\/span>\n\t\t\t\t\t\t\t\t\t\t<span class=\"elementor-icon-list-text\">Desbarbado manual o autom\u00e1tico en cubas vibratorias<\/span>\n\t\t\t\t\t\t\t\t\t\t\t<\/a>\n\t\t\t\t\t\t\t\t\t<\/li>\n\t\t\t\t\t\t\t\t<li class=\"elementor-icon-list-item\">\n\t\t\t\t\t\t\t\t\t\t\t<a href=\"https:\/\/bd-technologies.fr\/es\/?page_id=3950\">\n\n\t\t\t\t\t\t\t\t\t\t\t\t<span class=\"elementor-icon-list-icon\">\n\t\t\t\t\t\t\t<svg aria-hidden=\"true\" class=\"e-font-icon-svg e-fas-chevron-right\" viewBox=\"0 0 320 512\" xmlns=\"http:\/\/www.w3.org\/2000\/svg\"><path d=\"M285.476 272.971L91.132 467.314c-9.373 9.373-24.569 9.373-33.941 0l-22.667-22.667c-9.357-9.357-9.375-24.522-.04-33.901L188.505 256 34.484 101.255c-9.335-9.379-9.317-24.544.04-33.901l22.667-22.667c9.373-9.373 24.569-9.373 33.941 0L285.475 239.03c9.373 9.372 9.373 24.568.001 33.941z\"><\/path><\/svg>\t\t\t\t\t\t<\/span>\n\t\t\t\t\t\t\t\t\t\t<span class=\"elementor-icon-list-text\">Lavado, desengrasado y secado<\/span>\n\t\t\t\t\t\t\t\t\t\t\t<\/a>\n\t\t\t\t\t\t\t\t\t<\/li>\n\t\t\t\t\t\t<\/ul>\n\t\t\t\t\t\t<\/div>\n\t\t\t\t<\/div>\n\t\t\t\t<section class=\"elementor-section elementor-inner-section elementor-element elementor-element-3430fd7a elementor-section-boxed elementor-section-height-default elementor-section-height-default\" data-id=\"3430fd7a\" data-element_type=\"section\" data-e-type=\"section\" data-settings=\"{&quot;background_background&quot;:&quot;classic&quot;}\">\n\t\t\t\t\t\t\t<div class=\"elementor-background-overlay\"><\/div>\n\t\t\t\t\t\t\t<div class=\"elementor-container elementor-column-gap-default\">\n\t\t\t\t\t<div class=\"elementor-column elementor-col-100 elementor-inner-column elementor-element elementor-element-5ec9a150\" data-id=\"5ec9a150\" data-element_type=\"column\" data-e-type=\"column\">\n\t\t\t<div class=\"elementor-widget-wrap elementor-element-populated\">\n\t\t\t\t\t\t<div class=\"elementor-element elementor-element-6426870a elementor-view-stacked elementor-shape-circle elementor-widget elementor-widget-icon\" data-id=\"6426870a\" data-element_type=\"widget\" data-e-type=\"widget\" data-widget_type=\"icon.default\">\n\t\t\t\t<div class=\"elementor-widget-container\">\n\t\t\t\t\t\t\t<div class=\"elementor-icon-wrapper\">\n\t\t\t<div class=\"elementor-icon\">\n\t\t\t<svg aria-hidden=\"true\" class=\"e-font-icon-svg e-fas-phone-volume\" viewBox=\"0 0 384 512\" xmlns=\"http:\/\/www.w3.org\/2000\/svg\"><path d=\"M97.333 506.966c-129.874-129.874-129.681-340.252 0-469.933 5.698-5.698 14.527-6.632 21.263-2.422l64.817 40.513a17.187 17.187 0 0 1 6.849 20.958l-32.408 81.021a17.188 17.188 0 0 1-17.669 10.719l-55.81-5.58c-21.051 58.261-20.612 122.471 0 179.515l55.811-5.581a17.188 17.188 0 0 1 17.669 10.719l32.408 81.022a17.188 17.188 0 0 1-6.849 20.958l-64.817 40.513a17.19 17.19 0 0 1-21.264-2.422zM247.126 95.473c11.832 20.047 11.832 45.008 0 65.055-3.95 6.693-13.108 7.959-18.718 2.581l-5.975-5.726c-3.911-3.748-4.793-9.622-2.261-14.41a32.063 32.063 0 0 0 0-29.945c-2.533-4.788-1.65-10.662 2.261-14.41l5.975-5.726c5.61-5.378 14.768-4.112 18.718 2.581zm91.787-91.187c60.14 71.604 60.092 175.882 0 247.428-4.474 5.327-12.53 5.746-17.552.933l-5.798-5.557c-4.56-4.371-4.977-11.529-.93-16.379 49.687-59.538 49.646-145.933 0-205.422-4.047-4.85-3.631-12.008.93-16.379l5.798-5.557c5.022-4.813 13.078-4.394 17.552.933zm-45.972 44.941c36.05 46.322 36.108 111.149 0 157.546-4.39 5.641-12.697 6.251-17.856 1.304l-5.818-5.579c-4.4-4.219-4.998-11.095-1.285-15.931 26.536-34.564 26.534-82.572 0-117.134-3.713-4.836-3.115-11.711 1.285-15.931l5.818-5.579c5.159-4.947 13.466-4.337 17.856 1.304z\"><\/path><\/svg>\t\t\t<\/div>\n\t\t<\/div>\n\t\t\t\t\t\t<\/div>\n\t\t\t\t<\/div>\n\t\t\t\t<div class=\"elementor-element elementor-element-34e058bd elementor-widget elementor-widget-heading\" data-id=\"34e058bd\" data-element_type=\"widget\" data-e-type=\"widget\" data-widget_type=\"heading.default\">\n\t\t\t\t<div class=\"elementor-widget-container\">\n\t\t\t\t\t<h2 class=\"elementor-heading-title elementor-size-default\">\u00bfNecesitas m\u00e1s informaci\u00f3n?<\/h2>\t\t\t\t<\/div>\n\t\t\t\t<\/div>\n\t\t\t\t<div class=\"elementor-element elementor-element-381ae74f elementor-widget elementor-widget-heading\" data-id=\"381ae74f\" data-element_type=\"widget\" data-e-type=\"widget\" data-widget_type=\"heading.default\">\n\t\t\t\t<div class=\"elementor-widget-container\">\n\t\t\t\t\t<h5 class=\"elementor-heading-title elementor-size-default\">+33 (0) 5 63 81 20 60<\/h5>\t\t\t\t<\/div>\n\t\t\t\t<\/div>\n\t\t\t\t\t<\/div>\n\t\t<\/div>\n\t\t\t\t\t<\/div>\n\t\t<\/section>\n\t\t\t\t\t<\/div>\n\t\t<\/div>\n\t\t\t\t<div class=\"elementor-column elementor-col-50 elementor-top-column elementor-element elementor-element-1a58b057\" data-id=\"1a58b057\" data-element_type=\"column\" data-e-type=\"column\">\n\t\t\t<div class=\"elementor-widget-wrap elementor-element-populated\">\n\t\t\t\t\t\t<div class=\"elementor-element elementor-element-34445752 elementor-widget elementor-widget-image\" data-id=\"34445752\" data-element_type=\"widget\" data-e-type=\"widget\" data-widget_type=\"image.default\">\n\t\t\t\t<div class=\"elementor-widget-container\">\n\t\t\t\t\t\t\t\t\t\t\t\t\t\t\t<img fetchpriority=\"high\" decoding=\"async\" width=\"8192\" height=\"5464\" src=\"https:\/\/bd-technologies.fr\/wp-content\/uploads\/2024\/05\/Profil-parachevement-3-min.jpg\" class=\"attachment-full size-full wp-image-3767\" alt=\"\" srcset=\"https:\/\/bd-technologies.fr\/wp-content\/uploads\/2024\/05\/Profil-parachevement-3-min.jpg 8192w, https:\/\/bd-technologies.fr\/wp-content\/uploads\/2024\/05\/Profil-parachevement-3-min-300x200.jpg 300w, https:\/\/bd-technologies.fr\/wp-content\/uploads\/2024\/05\/Profil-parachevement-3-min-1024x683.jpg 1024w, https:\/\/bd-technologies.fr\/wp-content\/uploads\/2024\/05\/Profil-parachevement-3-min-768x512.jpg 768w, https:\/\/bd-technologies.fr\/wp-content\/uploads\/2024\/05\/Profil-parachevement-3-min-1536x1025.jpg 1536w\" sizes=\"(max-width: 8192px) 100vw, 8192px\" \/>\t\t\t\t\t\t\t\t\t\t\t\t\t\t\t<\/div>\n\t\t\t\t<\/div>\n\t\t\t\t<div class=\"elementor-element elementor-element-445fc6b elementor-widget elementor-widget-heading\" data-id=\"445fc6b\" data-element_type=\"widget\" data-e-type=\"widget\" data-widget_type=\"heading.default\">\n\t\t\t\t<div class=\"elementor-widget-container\">\n\t\t\t\t\t<h2 class=\"elementor-heading-title elementor-size-default\">Acabado de perfiles de aluminio<\/h2>\t\t\t\t<\/div>\n\t\t\t\t<\/div>\n\t\t\t\t<div class=\"elementor-element elementor-element-4be1d455 elementor-widget elementor-widget-text-editor\" data-id=\"4be1d455\" data-element_type=\"widget\" data-e-type=\"widget\" data-widget_type=\"text-editor.default\">\n\t\t\t\t<div class=\"elementor-widget-container\">\n\t\t\t\t\t\t\t\t\t<p>Desde hace m\u00e1s de 35 a\u00f1os, hemos acumulado una s\u00f3lida experiencia en el mecanizado de piezas de todas las longitudes a partir de perfiles de aluminio extruido, utilizando un <a href=\"https:\/\/bd-technologies.fr\/es\/?page_id=3913\">amplio parque de 15 m\u00e1quinas de control num\u00e9rico<\/a>.<\/p>\n<p> <\/p>\n<p>A veces, a partir de un perfil se pueden fabricar formas complejas o formas que no se pueden mecanizar a partir de una pieza bruta est\u00e1ndar. Las operaciones de mecanizado pueden evitarse fabricando un perfil adecuado.<\/p>\n<p><br>Esto suele ahorrar tiempo de mecanizado y, por tanto, supone un beneficio econ\u00f3mico, reforzado por la reducci\u00f3n de la p\u00e9rdida de material en comparaci\u00f3n con partir de una pieza en bruto.<\/p>\t\t\t\t\t\t\t\t<\/div>\n\t\t\t\t<\/div>\n\t\t\t\t<div class=\"elementor-element elementor-element-3dc09c8c elementor-widget elementor-widget-global elementor-global-2714 elementor-widget-spacer\" data-id=\"3dc09c8c\" data-element_type=\"widget\" data-e-type=\"widget\" data-widget_type=\"spacer.default\">\n\t\t\t\t<div class=\"elementor-widget-container\">\n\t\t\t\t\t\t\t<div class=\"elementor-spacer\">\n\t\t\t<div class=\"elementor-spacer-inner\"><\/div>\n\t\t<\/div>\n\t\t\t\t\t\t<\/div>\n\t\t\t\t<\/div>\n\t\t\t\t<div class=\"elementor-element elementor-element-123cf572 elementor-widget elementor-widget-heading\" data-id=\"123cf572\" data-element_type=\"widget\" data-e-type=\"widget\" data-widget_type=\"heading.default\">\n\t\t\t\t<div class=\"elementor-widget-container\">\n\t\t\t\t\t<h3 class=\"elementor-heading-title elementor-size-default\">Ejemplos de piezas producidas mediante acabado de perfiles<\/h3>\t\t\t\t<\/div>\n\t\t\t\t<\/div>\n\t\t\t\t<div class=\"elementor-element elementor-element-1478ea5 elementor-widget elementor-widget-image\" data-id=\"1478ea5\" data-element_type=\"widget\" data-e-type=\"widget\" data-widget_type=\"image.default\">\n\t\t\t\t<div class=\"elementor-widget-container\">\n\t\t\t\t\t\t\t\t\t\t\t\t\t\t\t<img decoding=\"async\" width=\"8192\" height=\"5464\" src=\"https:\/\/bd-technologies.fr\/wp-content\/uploads\/2024\/05\/Profil-parachevement-2-min.jpg\" class=\"attachment-full size-full wp-image-3770\" alt=\"\" srcset=\"https:\/\/bd-technologies.fr\/wp-content\/uploads\/2024\/05\/Profil-parachevement-2-min.jpg 8192w, https:\/\/bd-technologies.fr\/wp-content\/uploads\/2024\/05\/Profil-parachevement-2-min-300x200.jpg 300w, https:\/\/bd-technologies.fr\/wp-content\/uploads\/2024\/05\/Profil-parachevement-2-min-1024x683.jpg 1024w, https:\/\/bd-technologies.fr\/wp-content\/uploads\/2024\/05\/Profil-parachevement-2-min-768x512.jpg 768w, https:\/\/bd-technologies.fr\/wp-content\/uploads\/2024\/05\/Profil-parachevement-2-min-1536x1025.jpg 1536w\" sizes=\"(max-width: 8192px) 100vw, 8192px\" \/>\t\t\t\t\t\t\t\t\t\t\t\t\t\t\t<\/div>\n\t\t\t\t<\/div>\n\t\t\t\t<div class=\"elementor-element elementor-element-4b1872c elementor-widget elementor-widget-image\" data-id=\"4b1872c\" data-element_type=\"widget\" data-e-type=\"widget\" data-widget_type=\"image.default\">\n\t\t\t\t<div class=\"elementor-widget-container\">\n\t\t\t\t\t\t\t\t\t\t\t\t\t\t\t<img decoding=\"async\" width=\"749\" height=\"417\" src=\"https:\/\/bd-technologies.fr\/wp-content\/uploads\/2023\/10\/profil-alu-min.jpg\" class=\"attachment-large size-large wp-image-2618\" alt=\"\" srcset=\"https:\/\/bd-technologies.fr\/wp-content\/uploads\/2023\/10\/profil-alu-min.jpg 749w, https:\/\/bd-technologies.fr\/wp-content\/uploads\/2023\/10\/profil-alu-min-300x167.jpg 300w\" sizes=\"(max-width: 749px) 100vw, 749px\" \/>\t\t\t\t\t\t\t\t\t\t\t\t\t\t\t<\/div>\n\t\t\t\t<\/div>\n\t\t\t\t\t<\/div>\n\t\t<\/div>\n\t\t\t\t\t<\/div>\n\t\t<\/section>\n\t\t\t\t<\/div>\n\t\t","protected":false},"excerpt":{"rendered":"<p>Mecanizado de alta precisi\u00f3n de piezas de aluminio y otros materiales Acabado de perfiles de aluminio Largas longitudes de mecanizado C\u00e9lula de mecanizado robotizada Control tridimensional digital &#8211; Escaneado Corte en m\u00e1quinas digitales Desbarbado manual o autom\u00e1tico en cubas vibratorias Lavado, desengrasado y secado \u00bfNecesitas m\u00e1s informaci\u00f3n? +33 (0) 5 63 81 20 60 Acabado [&hellip;]<\/p>\n","protected":false},"author":1,"featured_media":3761,"parent":0,"menu_order":0,"comment_status":"closed","ping_status":"closed","template":"","meta":{"footnotes":""},"class_list":["post-3931","page","type-page","status-publish","has-post-thumbnail","hentry"],"yoast_head":"<!-- This site is optimized with the Yoast SEO plugin v27.4 - https:\/\/yoast.com\/product\/yoast-seo-wordpress\/ -->\n<title>Acabado de perfiles de aluminio - BD Technologies<\/title>\n<meta name=\"robots\" content=\"index, follow, max-snippet:-1, max-image-preview:large, max-video-preview:-1\" \/>\n<link rel=\"canonical\" href=\"https:\/\/bd-technologies.fr\/es\/acabado-de-perfiles-de-aluminio\/\" \/>\n<meta property=\"og:locale\" content=\"es_ES\" \/>\n<meta property=\"og:type\" content=\"article\" \/>\n<meta property=\"og:title\" content=\"Acabado de perfiles de aluminio - BD Technologies\" \/>\n<meta property=\"og:description\" content=\"Mecanizado de alta precisi\u00f3n de piezas de aluminio y otros materiales Acabado de perfiles de aluminio Largas longitudes de mecanizado C\u00e9lula de mecanizado robotizada Control tridimensional digital &#8211; Escaneado Corte en m\u00e1quinas digitales Desbarbado manual o autom\u00e1tico en cubas vibratorias Lavado, desengrasado y secado \u00bfNecesitas m\u00e1s informaci\u00f3n? +33 (0) 5 63 81 20 60 Acabado [&hellip;]\" \/>\n<meta property=\"og:url\" content=\"https:\/\/bd-technologies.fr\/es\/acabado-de-perfiles-de-aluminio\/\" \/>\n<meta property=\"og:site_name\" content=\"BD Technologies\" \/>\n<meta property=\"article:modified_time\" content=\"2024-05-23T06:57:02+00:00\" \/>\n<meta property=\"og:image\" content=\"https:\/\/bd-technologies.fr\/wp-content\/uploads\/2024\/05\/Profils-Page-parachevement-1-min-e1714651802410.jpg\" \/>\n\t<meta property=\"og:image:width\" content=\"8192\" \/>\n\t<meta property=\"og:image:height\" content=\"5464\" \/>\n\t<meta property=\"og:image:type\" content=\"image\/jpeg\" \/>\n<meta name=\"twitter:card\" content=\"summary_large_image\" \/>\n<meta name=\"twitter:label1\" content=\"Tiempo de lectura\" \/>\n\t<meta name=\"twitter:data1\" content=\"1 minuto\" \/>\n<script type=\"application\/ld+json\" class=\"yoast-schema-graph\">{\"@context\":\"https:\\\/\\\/schema.org\",\"@graph\":[{\"@type\":\"WebPage\",\"@id\":\"https:\\\/\\\/bd-technologies.fr\\\/es\\\/acabado-de-perfiles-de-aluminio\\\/\",\"url\":\"https:\\\/\\\/bd-technologies.fr\\\/es\\\/acabado-de-perfiles-de-aluminio\\\/\",\"name\":\"Acabado de perfiles de aluminio - BD Technologies\",\"isPartOf\":{\"@id\":\"https:\\\/\\\/bd-technologies.fr\\\/es\\\/#website\"},\"primaryImageOfPage\":{\"@id\":\"https:\\\/\\\/bd-technologies.fr\\\/es\\\/acabado-de-perfiles-de-aluminio\\\/#primaryimage\"},\"image\":{\"@id\":\"https:\\\/\\\/bd-technologies.fr\\\/es\\\/acabado-de-perfiles-de-aluminio\\\/#primaryimage\"},\"thumbnailUrl\":\"https:\\\/\\\/bd-technologies.fr\\\/wp-content\\\/uploads\\\/2024\\\/05\\\/Profils-Page-parachevement-1-min-e1714651802410.jpg\",\"datePublished\":\"2022-12-12T10:43:58+00:00\",\"dateModified\":\"2024-05-23T06:57:02+00:00\",\"breadcrumb\":{\"@id\":\"https:\\\/\\\/bd-technologies.fr\\\/es\\\/acabado-de-perfiles-de-aluminio\\\/#breadcrumb\"},\"inLanguage\":\"es\",\"potentialAction\":[{\"@type\":\"ReadAction\",\"target\":[\"https:\\\/\\\/bd-technologies.fr\\\/es\\\/acabado-de-perfiles-de-aluminio\\\/\"]}]},{\"@type\":\"ImageObject\",\"inLanguage\":\"es\",\"@id\":\"https:\\\/\\\/bd-technologies.fr\\\/es\\\/acabado-de-perfiles-de-aluminio\\\/#primaryimage\",\"url\":\"https:\\\/\\\/bd-technologies.fr\\\/wp-content\\\/uploads\\\/2024\\\/05\\\/Profils-Page-parachevement-1-min-e1714651802410.jpg\",\"contentUrl\":\"https:\\\/\\\/bd-technologies.fr\\\/wp-content\\\/uploads\\\/2024\\\/05\\\/Profils-Page-parachevement-1-min-e1714651802410.jpg\",\"width\":8192,\"height\":5464},{\"@type\":\"BreadcrumbList\",\"@id\":\"https:\\\/\\\/bd-technologies.fr\\\/es\\\/acabado-de-perfiles-de-aluminio\\\/#breadcrumb\",\"itemListElement\":[{\"@type\":\"ListItem\",\"position\":1,\"name\":\"Accueil\",\"item\":\"https:\\\/\\\/bd-technologies.fr\\\/es\\\/\"},{\"@type\":\"ListItem\",\"position\":2,\"name\":\"Acabado de perfiles de aluminio\"}]},{\"@type\":\"WebSite\",\"@id\":\"https:\\\/\\\/bd-technologies.fr\\\/es\\\/#website\",\"url\":\"https:\\\/\\\/bd-technologies.fr\\\/es\\\/\",\"name\":\"BD Technologies\",\"description\":\"\",\"potentialAction\":[{\"@type\":\"SearchAction\",\"target\":{\"@type\":\"EntryPoint\",\"urlTemplate\":\"https:\\\/\\\/bd-technologies.fr\\\/es\\\/?s={search_term_string}\"},\"query-input\":{\"@type\":\"PropertyValueSpecification\",\"valueRequired\":true,\"valueName\":\"search_term_string\"}}],\"inLanguage\":\"es\"}]}<\/script>\n<!-- \/ Yoast SEO plugin. -->","yoast_head_json":{"title":"Acabado de perfiles de aluminio - BD Technologies","robots":{"index":"index","follow":"follow","max-snippet":"max-snippet:-1","max-image-preview":"max-image-preview:large","max-video-preview":"max-video-preview:-1"},"canonical":"https:\/\/bd-technologies.fr\/es\/acabado-de-perfiles-de-aluminio\/","og_locale":"es_ES","og_type":"article","og_title":"Acabado de perfiles de aluminio - BD Technologies","og_description":"Mecanizado de alta precisi\u00f3n de piezas de aluminio y otros materiales Acabado de perfiles de aluminio Largas longitudes de mecanizado C\u00e9lula de mecanizado robotizada Control tridimensional digital &#8211; Escaneado Corte en m\u00e1quinas digitales Desbarbado manual o autom\u00e1tico en cubas vibratorias Lavado, desengrasado y secado \u00bfNecesitas m\u00e1s informaci\u00f3n? +33 (0) 5 63 81 20 60 Acabado [&hellip;]","og_url":"https:\/\/bd-technologies.fr\/es\/acabado-de-perfiles-de-aluminio\/","og_site_name":"BD Technologies","article_modified_time":"2024-05-23T06:57:02+00:00","og_image":[{"width":8192,"height":5464,"url":"https:\/\/bd-technologies.fr\/wp-content\/uploads\/2024\/05\/Profils-Page-parachevement-1-min-e1714651802410.jpg","type":"image\/jpeg"}],"twitter_card":"summary_large_image","twitter_misc":{"Tiempo de lectura":"1 minuto"},"schema":{"@context":"https:\/\/schema.org","@graph":[{"@type":"WebPage","@id":"https:\/\/bd-technologies.fr\/es\/acabado-de-perfiles-de-aluminio\/","url":"https:\/\/bd-technologies.fr\/es\/acabado-de-perfiles-de-aluminio\/","name":"Acabado de perfiles de aluminio - BD Technologies","isPartOf":{"@id":"https:\/\/bd-technologies.fr\/es\/#website"},"primaryImageOfPage":{"@id":"https:\/\/bd-technologies.fr\/es\/acabado-de-perfiles-de-aluminio\/#primaryimage"},"image":{"@id":"https:\/\/bd-technologies.fr\/es\/acabado-de-perfiles-de-aluminio\/#primaryimage"},"thumbnailUrl":"https:\/\/bd-technologies.fr\/wp-content\/uploads\/2024\/05\/Profils-Page-parachevement-1-min-e1714651802410.jpg","datePublished":"2022-12-12T10:43:58+00:00","dateModified":"2024-05-23T06:57:02+00:00","breadcrumb":{"@id":"https:\/\/bd-technologies.fr\/es\/acabado-de-perfiles-de-aluminio\/#breadcrumb"},"inLanguage":"es","potentialAction":[{"@type":"ReadAction","target":["https:\/\/bd-technologies.fr\/es\/acabado-de-perfiles-de-aluminio\/"]}]},{"@type":"ImageObject","inLanguage":"es","@id":"https:\/\/bd-technologies.fr\/es\/acabado-de-perfiles-de-aluminio\/#primaryimage","url":"https:\/\/bd-technologies.fr\/wp-content\/uploads\/2024\/05\/Profils-Page-parachevement-1-min-e1714651802410.jpg","contentUrl":"https:\/\/bd-technologies.fr\/wp-content\/uploads\/2024\/05\/Profils-Page-parachevement-1-min-e1714651802410.jpg","width":8192,"height":5464},{"@type":"BreadcrumbList","@id":"https:\/\/bd-technologies.fr\/es\/acabado-de-perfiles-de-aluminio\/#breadcrumb","itemListElement":[{"@type":"ListItem","position":1,"name":"Accueil","item":"https:\/\/bd-technologies.fr\/es\/"},{"@type":"ListItem","position":2,"name":"Acabado de perfiles de aluminio"}]},{"@type":"WebSite","@id":"https:\/\/bd-technologies.fr\/es\/#website","url":"https:\/\/bd-technologies.fr\/es\/","name":"BD Technologies","description":"","potentialAction":[{"@type":"SearchAction","target":{"@type":"EntryPoint","urlTemplate":"https:\/\/bd-technologies.fr\/es\/?s={search_term_string}"},"query-input":{"@type":"PropertyValueSpecification","valueRequired":true,"valueName":"search_term_string"}}],"inLanguage":"es"}]}},"_links":{"self":[{"href":"https:\/\/bd-technologies.fr\/es\/wp-json\/wp\/v2\/pages\/3931","targetHints":{"allow":["GET"]}}],"collection":[{"href":"https:\/\/bd-technologies.fr\/es\/wp-json\/wp\/v2\/pages"}],"about":[{"href":"https:\/\/bd-technologies.fr\/es\/wp-json\/wp\/v2\/types\/page"}],"author":[{"embeddable":true,"href":"https:\/\/bd-technologies.fr\/es\/wp-json\/wp\/v2\/users\/1"}],"replies":[{"embeddable":true,"href":"https:\/\/bd-technologies.fr\/es\/wp-json\/wp\/v2\/comments?post=3931"}],"version-history":[{"count":6,"href":"https:\/\/bd-technologies.fr\/es\/wp-json\/wp\/v2\/pages\/3931\/revisions"}],"predecessor-version":[{"id":4020,"href":"https:\/\/bd-technologies.fr\/es\/wp-json\/wp\/v2\/pages\/3931\/revisions\/4020"}],"wp:featuredmedia":[{"embeddable":true,"href":"https:\/\/bd-technologies.fr\/es\/wp-json\/wp\/v2\/media\/3761"}],"wp:attachment":[{"href":"https:\/\/bd-technologies.fr\/es\/wp-json\/wp\/v2\/media?parent=3931"}],"curies":[{"name":"wp","href":"https:\/\/api.w.org\/{rel}","templated":true}]}}