{"id":4100,"date":"2022-04-15T08:02:55","date_gmt":"2022-04-15T06:02:55","guid":{"rendered":"https:\/\/bd-technologies.fr\/politica-de-privacidad\/"},"modified":"2024-10-25T14:49:08","modified_gmt":"2024-10-25T12:49:08","slug":"politica-de-privacidad","status":"publish","type":"page","link":"https:\/\/bd-technologies.fr\/es\/politica-de-privacidad\/","title":{"rendered":"Pol\u00edtica de privacidad"},"content":{"rendered":"\t\t<div data-elementor-type=\"wp-page\" data-elementor-id=\"4100\" class=\"elementor elementor-4100 elementor-16\" data-elementor-post-type=\"page\">\n\t\t\t\t\t\t<section class=\"elementor-section elementor-top-section elementor-element elementor-element-1e67ccba elementor-section-boxed elementor-section-height-default elementor-section-height-default\" data-id=\"1e67ccba\" data-element_type=\"section\" data-e-type=\"section\">\n\t\t\t\t\t\t<div class=\"elementor-container elementor-column-gap-default\">\n\t\t\t\t\t<div class=\"elementor-column elementor-col-100 elementor-top-column elementor-element elementor-element-438fefdb\" data-id=\"438fefdb\" data-element_type=\"column\" data-e-type=\"column\">\n\t\t\t<div class=\"elementor-widget-wrap elementor-element-populated\">\n\t\t\t\t\t\t<div class=\"elementor-element elementor-element-8ef4409 elementor-widget elementor-widget-heading\" data-id=\"8ef4409\" data-element_type=\"widget\" data-e-type=\"widget\" data-widget_type=\"heading.default\">\n\t\t\t\t<div class=\"elementor-widget-container\">\n\t\t\t\t\t<h2 class=\"elementor-heading-title elementor-size-default\">Pol\u00edtica de privacidad<\/h2>\t\t\t\t<\/div>\n\t\t\t\t<\/div>\n\t\t\t\t<div class=\"elementor-element elementor-element-4262810c elementor-widget elementor-widget-text-editor\" data-id=\"4262810c\" data-element_type=\"widget\" data-e-type=\"widget\" data-widget_type=\"text-editor.default\">\n\t\t\t\t<div class=\"elementor-widget-container\">\n\t\t\t\t\t\t\t\t\t<p>BD Technologies se compromete a proteger tus datos personales. Para m\u00e1s informaci\u00f3n sobre la protecci\u00f3n de datos personales, consulta el sitio web de la Comisi\u00f3n Nacional de Inform\u00e1tica y Libertad: https:\/\/www.cnil.fr\/<br>El responsable del tratamiento es el Sr. Serge LAITSELART en su calidad de Director General de BD Technologies.<br>Tus datos personales son procesados por BD Technologies. Esta informaci\u00f3n y la de tus pedidos se procesa principalmente para crear y gestionar tu cuenta, gestionar tus pedidos y su seguimiento, personalizar tus servicios, prevenci\u00f3n del fraude, an\u00e1lisis estad\u00edsticos y con fines de marketing y publicidad dirigida (conocimiento del cliente, env\u00edo de comunicaciones electr\u00f3nicas y elaboraci\u00f3n de perfiles publicitarios mediante la combinaci\u00f3n de datos). Estas operaciones de tratamiento pueden tener bases jur\u00eddicas diferentes en funci\u00f3n de los fines de que se trate. Puedes retirar tu consentimiento en cualquier momento (para m\u00e1s detalles, v\u00e9ase m\u00e1s abajo).<\/p>\n<p>En particular, recogemos y tratamos tus apellidos, nombre, direcci\u00f3n, direcci\u00f3n de correo electr\u00f3nico, n\u00famero de tel\u00e9fono, contrase\u00f1a (vinculada al uso de nuestro sitio), direcci\u00f3n IP, datos de conexi\u00f3n y de navegaci\u00f3n, historial de pedidos, preferencias, productos consultados, incidencias en la entrega y reclamaciones. En algunos casos, podemos recoger datos de localizaci\u00f3n, por ejemplo para indicarte d\u00f3nde est\u00e1 tu tienda m\u00e1s cercana. El car\u00e1cter obligatorio u opcional de los datos se indica en el momento de su recogida mediante un asterisco.<br>Algunos datos se recogen autom\u00e1ticamente como resultado de tus acciones en el sitio web. Recogemos la informaci\u00f3n que nos proporcionas en distintos momentos, en particular cuando &#8211; realizas un pedido, &#8211; te registras en tu cuenta de cliente, &#8211; navegas por el sitio web, &#8211; te pones en contacto con nosotros a trav\u00e9s de un formulario, &#8211; participas en un juego o concurso, &#8211; ves publicidad, &#8211; escribes una rese\u00f1a, &#8211; te suscribes al bolet\u00edn de noticias. Como resultado de la informaci\u00f3n proporcionada, puedes recibir informaci\u00f3n de servicio de BD Technologies relacionada con tus pedidos anteriores o solicitudes de presupuesto, as\u00ed como informaci\u00f3n publicitaria como boletines informativos (si te has suscrito a ellos).   <\/p>\n<p><br>Los datos que recogemos pueden ser transmitidos a proveedores de servicios (subcontratistas) que BD Technologies utiliza para llevar a cabo sus servicios, en el contexto de los fines mencionados, por ejemplo para la gesti\u00f3n, ejecuci\u00f3n, procesamiento y pago de tus pedidos, as\u00ed como para operaciones de marketing. Los art\u00edculos de este sitio pueden incluir contenido integrado (por ejemplo v\u00eddeos, im\u00e1genes, art\u00edculos, etc.). El contenido integrado desde otros sitios se comporta de la misma manera que si el visitante estuviera visitando ese otro sitio. <br>Estos sitios web pueden recoger datos sobre ti, utilizar cookies, incrustar herramientas de seguimiento de terceros, seguir tus interacciones con estos contenidos incrustados si tienes una cuenta conectada a su sitio web. Puedes gestionar tus datos personales y expresar tus opciones en cualquier momento accediendo a \u00abmi cuenta\u00bb, gestionando tus cookies (desde tu navegador), d\u00e1ndote de baja de un correo electr\u00f3nico. Puedes ejercer tus derechos (acceso, rectificaci\u00f3n, supresi\u00f3n, oposici\u00f3n, limitaci\u00f3n y portabilidad cuando proceda) y determinar el destino de tus datos personales \u00abpost mortem\u00bb poni\u00e9ndote en contacto con el Responsable de Protecci\u00f3n de Datos de BD Technologies en contact@bd-technologies.fr o por correo postal en la siguiente direcci\u00f3n:<br>BD Technologies &#8211; 23 Rue Jean Rostand &#8211; 81600 Gaillac . Tambi\u00e9n tienes derecho a presentar una reclamaci\u00f3n ante la Comisi\u00f3n Nacional de Inform\u00e1tica y Libertades (CNIL), en particular en su sitio web http:\/\/www.cnil.fr\/. <br>Los datos que te conciernen se conservar\u00e1n durante un periodo de 1 a\u00f1o a partir de la fecha de tu \u00faltima actividad (por ejemplo, compra o expiraci\u00f3n de tus contratos) y despu\u00e9s se archivar\u00e1n con acceso restringido durante otro periodo de 5 a\u00f1os por motivos estrictamente limitados y autorizados por la ley (pago, garant\u00eda, litigios, etc.). Te informamos de que tus datos pueden ser transmitidos, para los fines mencionados anteriormente, a empresas situadas fuera de la Uni\u00f3n Europea, en particular para actividades de atenci\u00f3n al cliente, servicios inform\u00e1ticos y tratamiento de datos en relaci\u00f3n con las redes sociales. Cualquier procedimiento necesario para asegurar los datos se aplicar\u00e1 antes de que se realicen dichas transferencias.<\/p>\t\t\t\t\t\t\t\t<\/div>\n\t\t\t\t<\/div>\n\t\t\t\t\t<\/div>\n\t\t<\/div>\n\t\t\t\t\t<\/div>\n\t\t<\/section>\n\t\t\t\t<\/div>\n\t\t","protected":false},"excerpt":{"rendered":"<p>Pol\u00edtica de privacidad BD Technologies se compromete a proteger tus datos personales. Para m\u00e1s informaci\u00f3n sobre la protecci\u00f3n de datos personales, consulta el sitio web de la Comisi\u00f3n Nacional de Inform\u00e1tica y Libertad: https:\/\/www.cnil.fr\/El responsable del tratamiento es el Sr. Serge LAITSELART en su calidad de Director General de BD Technologies.Tus datos personales son procesados [&hellip;]<\/p>\n","protected":false},"author":1,"featured_media":3416,"parent":0,"menu_order":0,"comment_status":"closed","ping_status":"closed","template":"","meta":{"footnotes":""},"class_list":["post-4100","page","type-page","status-publish","has-post-thumbnail","hentry"],"yoast_head":"<!-- This site is optimized with the Yoast SEO plugin v27.4 - https:\/\/yoast.com\/product\/yoast-seo-wordpress\/ -->\n<title>Pol\u00edtica de privacidad - BD Technologies<\/title>\n<meta name=\"robots\" content=\"index, follow, max-snippet:-1, max-image-preview:large, max-video-preview:-1\" \/>\n<link rel=\"canonical\" href=\"https:\/\/bd-technologies.fr\/es\/politica-de-privacidad\/\" \/>\n<meta property=\"og:locale\" content=\"es_ES\" \/>\n<meta property=\"og:type\" content=\"article\" \/>\n<meta property=\"og:title\" content=\"Pol\u00edtica de privacidad - BD Technologies\" \/>\n<meta property=\"og:description\" content=\"Pol\u00edtica de privacidad BD Technologies se compromete a proteger tus datos personales. Para m\u00e1s informaci\u00f3n sobre la protecci\u00f3n de datos personales, consulta el sitio web de la Comisi\u00f3n Nacional de Inform\u00e1tica y Libertad: https:\/\/www.cnil.fr\/El responsable del tratamiento es el Sr. Serge LAITSELART en su calidad de Director General de BD Technologies.Tus datos personales son procesados [&hellip;]\" \/>\n<meta property=\"og:url\" content=\"https:\/\/bd-technologies.fr\/es\/politica-de-privacidad\/\" \/>\n<meta property=\"og:site_name\" content=\"BD Technologies\" \/>\n<meta property=\"article:modified_time\" content=\"2024-10-25T12:49:08+00:00\" \/>\n<meta property=\"og:image\" content=\"https:\/\/bd-technologies.fr\/wp-content\/uploads\/2024\/04\/BD-technologies-accueil-min.png\" \/>\n\t<meta property=\"og:image:width\" content=\"1550\" \/>\n\t<meta property=\"og:image:height\" content=\"1040\" \/>\n\t<meta property=\"og:image:type\" content=\"image\/png\" \/>\n<meta name=\"twitter:card\" content=\"summary_large_image\" \/>\n<meta name=\"twitter:label1\" content=\"Tiempo de lectura\" \/>\n\t<meta name=\"twitter:data1\" content=\"4 minutos\" \/>\n<script type=\"application\/ld+json\" class=\"yoast-schema-graph\">{\"@context\":\"https:\\\/\\\/schema.org\",\"@graph\":[{\"@type\":\"WebPage\",\"@id\":\"https:\\\/\\\/bd-technologies.fr\\\/es\\\/politica-de-privacidad\\\/\",\"url\":\"https:\\\/\\\/bd-technologies.fr\\\/es\\\/politica-de-privacidad\\\/\",\"name\":\"Pol\u00edtica de privacidad - BD Technologies\",\"isPartOf\":{\"@id\":\"https:\\\/\\\/bd-technologies.fr\\\/es\\\/#website\"},\"primaryImageOfPage\":{\"@id\":\"https:\\\/\\\/bd-technologies.fr\\\/es\\\/politica-de-privacidad\\\/#primaryimage\"},\"image\":{\"@id\":\"https:\\\/\\\/bd-technologies.fr\\\/es\\\/politica-de-privacidad\\\/#primaryimage\"},\"thumbnailUrl\":\"https:\\\/\\\/bd-technologies.fr\\\/wp-content\\\/uploads\\\/2024\\\/04\\\/BD-technologies-accueil-min.png\",\"datePublished\":\"2022-04-15T06:02:55+00:00\",\"dateModified\":\"2024-10-25T12:49:08+00:00\",\"breadcrumb\":{\"@id\":\"https:\\\/\\\/bd-technologies.fr\\\/es\\\/politica-de-privacidad\\\/#breadcrumb\"},\"inLanguage\":\"es\",\"potentialAction\":[{\"@type\":\"ReadAction\",\"target\":[\"https:\\\/\\\/bd-technologies.fr\\\/es\\\/politica-de-privacidad\\\/\"]}]},{\"@type\":\"ImageObject\",\"inLanguage\":\"es\",\"@id\":\"https:\\\/\\\/bd-technologies.fr\\\/es\\\/politica-de-privacidad\\\/#primaryimage\",\"url\":\"https:\\\/\\\/bd-technologies.fr\\\/wp-content\\\/uploads\\\/2024\\\/04\\\/BD-technologies-accueil-min.png\",\"contentUrl\":\"https:\\\/\\\/bd-technologies.fr\\\/wp-content\\\/uploads\\\/2024\\\/04\\\/BD-technologies-accueil-min.png\",\"width\":1550,\"height\":1040},{\"@type\":\"BreadcrumbList\",\"@id\":\"https:\\\/\\\/bd-technologies.fr\\\/es\\\/politica-de-privacidad\\\/#breadcrumb\",\"itemListElement\":[{\"@type\":\"ListItem\",\"position\":1,\"name\":\"Accueil\",\"item\":\"https:\\\/\\\/bd-technologies.fr\\\/es\\\/\"},{\"@type\":\"ListItem\",\"position\":2,\"name\":\"Pol\u00edtica de privacidad\"}]},{\"@type\":\"WebSite\",\"@id\":\"https:\\\/\\\/bd-technologies.fr\\\/es\\\/#website\",\"url\":\"https:\\\/\\\/bd-technologies.fr\\\/es\\\/\",\"name\":\"BD Technologies\",\"description\":\"\",\"potentialAction\":[{\"@type\":\"SearchAction\",\"target\":{\"@type\":\"EntryPoint\",\"urlTemplate\":\"https:\\\/\\\/bd-technologies.fr\\\/es\\\/?s={search_term_string}\"},\"query-input\":{\"@type\":\"PropertyValueSpecification\",\"valueRequired\":true,\"valueName\":\"search_term_string\"}}],\"inLanguage\":\"es\"}]}<\/script>\n<!-- \/ Yoast SEO plugin. -->","yoast_head_json":{"title":"Pol\u00edtica de privacidad - BD Technologies","robots":{"index":"index","follow":"follow","max-snippet":"max-snippet:-1","max-image-preview":"max-image-preview:large","max-video-preview":"max-video-preview:-1"},"canonical":"https:\/\/bd-technologies.fr\/es\/politica-de-privacidad\/","og_locale":"es_ES","og_type":"article","og_title":"Pol\u00edtica de privacidad - BD Technologies","og_description":"Pol\u00edtica de privacidad BD Technologies se compromete a proteger tus datos personales. Para m\u00e1s informaci\u00f3n sobre la protecci\u00f3n de datos personales, consulta el sitio web de la Comisi\u00f3n Nacional de Inform\u00e1tica y Libertad: https:\/\/www.cnil.fr\/El responsable del tratamiento es el Sr. Serge LAITSELART en su calidad de Director General de BD Technologies.Tus datos personales son procesados [&hellip;]","og_url":"https:\/\/bd-technologies.fr\/es\/politica-de-privacidad\/","og_site_name":"BD Technologies","article_modified_time":"2024-10-25T12:49:08+00:00","og_image":[{"width":1550,"height":1040,"url":"https:\/\/bd-technologies.fr\/wp-content\/uploads\/2024\/04\/BD-technologies-accueil-min.png","type":"image\/png"}],"twitter_card":"summary_large_image","twitter_misc":{"Tiempo de lectura":"4 minutos"},"schema":{"@context":"https:\/\/schema.org","@graph":[{"@type":"WebPage","@id":"https:\/\/bd-technologies.fr\/es\/politica-de-privacidad\/","url":"https:\/\/bd-technologies.fr\/es\/politica-de-privacidad\/","name":"Pol\u00edtica de privacidad - BD Technologies","isPartOf":{"@id":"https:\/\/bd-technologies.fr\/es\/#website"},"primaryImageOfPage":{"@id":"https:\/\/bd-technologies.fr\/es\/politica-de-privacidad\/#primaryimage"},"image":{"@id":"https:\/\/bd-technologies.fr\/es\/politica-de-privacidad\/#primaryimage"},"thumbnailUrl":"https:\/\/bd-technologies.fr\/wp-content\/uploads\/2024\/04\/BD-technologies-accueil-min.png","datePublished":"2022-04-15T06:02:55+00:00","dateModified":"2024-10-25T12:49:08+00:00","breadcrumb":{"@id":"https:\/\/bd-technologies.fr\/es\/politica-de-privacidad\/#breadcrumb"},"inLanguage":"es","potentialAction":[{"@type":"ReadAction","target":["https:\/\/bd-technologies.fr\/es\/politica-de-privacidad\/"]}]},{"@type":"ImageObject","inLanguage":"es","@id":"https:\/\/bd-technologies.fr\/es\/politica-de-privacidad\/#primaryimage","url":"https:\/\/bd-technologies.fr\/wp-content\/uploads\/2024\/04\/BD-technologies-accueil-min.png","contentUrl":"https:\/\/bd-technologies.fr\/wp-content\/uploads\/2024\/04\/BD-technologies-accueil-min.png","width":1550,"height":1040},{"@type":"BreadcrumbList","@id":"https:\/\/bd-technologies.fr\/es\/politica-de-privacidad\/#breadcrumb","itemListElement":[{"@type":"ListItem","position":1,"name":"Accueil","item":"https:\/\/bd-technologies.fr\/es\/"},{"@type":"ListItem","position":2,"name":"Pol\u00edtica de privacidad"}]},{"@type":"WebSite","@id":"https:\/\/bd-technologies.fr\/es\/#website","url":"https:\/\/bd-technologies.fr\/es\/","name":"BD Technologies","description":"","potentialAction":[{"@type":"SearchAction","target":{"@type":"EntryPoint","urlTemplate":"https:\/\/bd-technologies.fr\/es\/?s={search_term_string}"},"query-input":{"@type":"PropertyValueSpecification","valueRequired":true,"valueName":"search_term_string"}}],"inLanguage":"es"}]}},"_links":{"self":[{"href":"https:\/\/bd-technologies.fr\/es\/wp-json\/wp\/v2\/pages\/4100","targetHints":{"allow":["GET"]}}],"collection":[{"href":"https:\/\/bd-technologies.fr\/es\/wp-json\/wp\/v2\/pages"}],"about":[{"href":"https:\/\/bd-technologies.fr\/es\/wp-json\/wp\/v2\/types\/page"}],"author":[{"embeddable":true,"href":"https:\/\/bd-technologies.fr\/es\/wp-json\/wp\/v2\/users\/1"}],"replies":[{"embeddable":true,"href":"https:\/\/bd-technologies.fr\/es\/wp-json\/wp\/v2\/comments?post=4100"}],"version-history":[{"count":4,"href":"https:\/\/bd-technologies.fr\/es\/wp-json\/wp\/v2\/pages\/4100\/revisions"}],"predecessor-version":[{"id":4625,"href":"https:\/\/bd-technologies.fr\/es\/wp-json\/wp\/v2\/pages\/4100\/revisions\/4625"}],"wp:featuredmedia":[{"embeddable":true,"href":"https:\/\/bd-technologies.fr\/es\/wp-json\/wp\/v2\/media\/3416"}],"wp:attachment":[{"href":"https:\/\/bd-technologies.fr\/es\/wp-json\/wp\/v2\/media?parent=4100"}],"curies":[{"name":"wp","href":"https:\/\/api.w.org\/{rel}","templated":true}]}}