{"id":4112,"date":"2022-04-15T08:02:33","date_gmt":"2022-04-15T06:02:33","guid":{"rendered":"https:\/\/bd-technologies.fr\/politica-de-cookies\/"},"modified":"2024-05-23T09:00:46","modified_gmt":"2024-05-23T07:00:46","slug":"politica-de-cookies","status":"publish","type":"page","link":"https:\/\/bd-technologies.fr\/es\/politica-de-cookies\/","title":{"rendered":"Pol\u00edtica de cookies"},"content":{"rendered":"&#13;\n<p>BD Technologies utiliza cookies que son necesarias para el funcionamiento del sitio web. Algunas cookies se denominan cookies de seguimiento porque permiten al sitio web identificar tu navegador para poder conservar informaci\u00f3n sobre la conexi\u00f3n de tu cuenta, tu cesta de la compra y tus preferencias.<br\/>\n\nBD Technologies utiliza cookies anal\u00edticas. Al activar las cookies de Analytics, tus datos ser\u00e1n procesados por el Sr. Richard Fedou. Esta informaci\u00f3n se recoger\u00e1 para medir la audiencia y las estad\u00edsticas, mejorar la calidad de las herramientas del sitio web, detectar posibles problemas y poder ofrecer nuevos contenidos.<br\/>\n\nBD Technologies no tiene control sobre las cookies que pueda establecer nuestra herramienta Google Analytics, mantenida por Google LLC, 1600 Amphitheatre Parkway, Mountain View, CA 94043, EE.UU. Para entender las cookies establecidas como parte del an\u00e1lisis del tr\u00e1fico, haz clic aqu\u00ed. Hemos optado por conservar los datos recogidos en y por Google Analytics durante un per\u00edodo de 50 meses.<\/p>&#13;\n&#13;\n<p>Al activar las cookies de redes sociales, tus datos personales ser\u00e1n tratados por el Sr. Richard Fedou. Las p\u00e1ginas que contienen botones de redes sociales dan a \u00e9stas la opci\u00f3n de instalar rastreadores para analizar tus centros de inter\u00e9s de acuerdo con sus respectivas cartas de uso de datos.<br\/>\n\nBD Technologies no tiene control sobre las cookies que puedan depositar las redes sociales y te invita a visitar las distintas plataformas para saber c\u00f3mo se utiliza la informaci\u00f3n recogida por la visualizaci\u00f3n de estos botones. En el momento en que se cre\u00f3 esta carta, estas redes sociales eran: LinkedIn, Facebook, Instagram, Twitter, YouTube y Pinterest. Esta lista puede cambiar con el tiempo.<\/p>&#13;\n&#13;\n<p>Al activar las cookies de publicidad dirigida, tus datos personales ser\u00e1n tratados por el Sr. Richard Fedou. Se utilizar\u00e1n para presentarte publicidad basada en tus centros de inter\u00e9s y que tengan m\u00e1s probabilidades de interesarte. Esta publicidad dirigida se lleva a cabo utilizando plataformas externas: Facebook o GooglePara saber m\u00e1s sobre la informaci\u00f3n enviada a Google LLC, con sede en 1600 Amphitheatre Parkway, Mountain View, CA 94043, Estados Unidos, visita esta p\u00e1gina: https: <a href=\"https:\/\/policies.google.com\/technologies\/ads\">\/\/policies.google.com\/technologies\/ads<\/a><br\/>\n\nPara m\u00e1s informaci\u00f3n sobre la informaci\u00f3n transmitida a Facebook, cuyo responsable del tratamiento de datos es Facebook Ireland Ltd. 4 Grand Canal Square &#8211; Grand Canal Harbour Dubl\u00edn 2, Irlanda, visita esta p\u00e1gina: https: <a href=\"https:\/\/www.facebook.com\/about\/basics\/privacy-principles\">\/\/www.facebook.com\/about\/basics\/privacy-principles<\/a><br\/>\n\nLos art\u00edculos de este sitio pueden incluir contenido incrustado (por ejemplo, v\u00eddeos, im\u00e1genes, art\u00edculos, etc.). El contenido integrado desde otros sitios se comporta de la misma manera que si el visitante estuviera visitando ese otro sitio. Estos sitios web pueden recopilar datos sobre ti, utilizar cookies, incrustar herramientas de seguimiento de terceros y rastrear tus interacciones con este contenido incrustado si tienes una cuenta iniciada en su sitio web.<\/p>&#13;\n<p><br\/>\n\nSi tienes una cuenta y te conectas a este sitio, se crear\u00e1 una cookie temporal para determinar si tu navegador acepta cookies. Si el sitio tiene una cuenta de cliente, cuando te conectes estableceremos una serie de cookies para registrar tus datos de acceso y preferencias de pantalla. La vida \u00fatil de una cookie de conexi\u00f3n es de 3 a\u00f1os. Si marcas \u00abRecordarme\u00bb, tu cookie de conexi\u00f3n se almacenar\u00e1 indefinidamente. Si cierras la sesi\u00f3n de tu cuenta, se borrar\u00e1 la cookie de conexi\u00f3n.<\/p>&#13;\n&#13;\n<p>De acuerdo con la normativa aplicable en materia de protecci\u00f3n de datos personales, tienes derecho de acceso, rectificaci\u00f3n, oposici\u00f3n, limitaci\u00f3n del tratamiento, portabilidad (para solicitar la transferencia de tus datos cuando sea posible) y supresi\u00f3n.Ahora puedes dar instrucciones sobre qu\u00e9 hacer con tus datos tras tu fallecimiento.Para ello, ponte en contacto con BD Technologies en la siguiente direcci\u00f3n  <a href=\"mailto:contact@bd-technologies.fr\">contact@bd-technologies.fr<\/a> o por correo postal a la siguiente direcci\u00f3n BD Technologies &#8211; 23 Rue Jean Rostand &#8211; 81600 Gaillac &#8211; Francia<\/p>&#13;\n","protected":false},"excerpt":{"rendered":"<p>&#13; BD Technologies utiliza cookies que son necesarias para el funcionamiento del sitio web. Algunas cookies se denominan cookies de seguimiento porque permiten al sitio web identificar tu navegador para poder conservar informaci\u00f3n sobre la conexi\u00f3n de tu cuenta, tu cesta de la compra y tus preferencias. BD Technologies utiliza cookies anal\u00edticas. Al activar las [&hellip;]<\/p>\n","protected":false},"author":1,"featured_media":3416,"parent":0,"menu_order":0,"comment_status":"closed","ping_status":"closed","template":"","meta":{"footnotes":""},"class_list":["post-4112","page","type-page","status-publish","has-post-thumbnail","hentry"],"yoast_head":"<!-- This site is optimized with the Yoast SEO plugin v27.4 - https:\/\/yoast.com\/product\/yoast-seo-wordpress\/ -->\n<title>Pol\u00edtica de cookies - BD Technologies<\/title>\n<meta name=\"robots\" content=\"index, follow, max-snippet:-1, max-image-preview:large, max-video-preview:-1\" \/>\n<link rel=\"canonical\" href=\"https:\/\/bd-technologies.fr\/es\/politica-de-cookies\/\" \/>\n<meta property=\"og:locale\" content=\"es_ES\" \/>\n<meta property=\"og:type\" content=\"article\" \/>\n<meta property=\"og:title\" content=\"Pol\u00edtica de cookies - BD Technologies\" \/>\n<meta property=\"og:description\" content=\"&#013; BD Technologies utiliza cookies que son necesarias para el funcionamiento del sitio web. Algunas cookies se denominan cookies de seguimiento porque permiten al sitio web identificar tu navegador para poder conservar informaci\u00f3n sobre la conexi\u00f3n de tu cuenta, tu cesta de la compra y tus preferencias. BD Technologies utiliza cookies anal\u00edticas. Al activar las [&hellip;]\" \/>\n<meta property=\"og:url\" content=\"https:\/\/bd-technologies.fr\/es\/politica-de-cookies\/\" \/>\n<meta property=\"og:site_name\" content=\"BD Technologies\" \/>\n<meta property=\"article:modified_time\" content=\"2024-05-23T07:00:46+00:00\" \/>\n<meta property=\"og:image\" content=\"https:\/\/bd-technologies.fr\/wp-content\/uploads\/2024\/04\/BD-technologies-accueil-min.png\" \/>\n\t<meta property=\"og:image:width\" content=\"1550\" \/>\n\t<meta property=\"og:image:height\" content=\"1040\" \/>\n\t<meta property=\"og:image:type\" content=\"image\/png\" \/>\n<meta name=\"twitter:card\" content=\"summary_large_image\" \/>\n<meta name=\"twitter:label1\" content=\"Tiempo de lectura\" \/>\n\t<meta name=\"twitter:data1\" content=\"3 minutos\" \/>\n<script type=\"application\/ld+json\" class=\"yoast-schema-graph\">{\"@context\":\"https:\\\/\\\/schema.org\",\"@graph\":[{\"@type\":\"WebPage\",\"@id\":\"https:\\\/\\\/bd-technologies.fr\\\/es\\\/politica-de-cookies\\\/\",\"url\":\"https:\\\/\\\/bd-technologies.fr\\\/es\\\/politica-de-cookies\\\/\",\"name\":\"Pol\u00edtica de cookies - BD Technologies\",\"isPartOf\":{\"@id\":\"https:\\\/\\\/bd-technologies.fr\\\/es\\\/#website\"},\"primaryImageOfPage\":{\"@id\":\"https:\\\/\\\/bd-technologies.fr\\\/es\\\/politica-de-cookies\\\/#primaryimage\"},\"image\":{\"@id\":\"https:\\\/\\\/bd-technologies.fr\\\/es\\\/politica-de-cookies\\\/#primaryimage\"},\"thumbnailUrl\":\"https:\\\/\\\/bd-technologies.fr\\\/wp-content\\\/uploads\\\/2024\\\/04\\\/BD-technologies-accueil-min.png\",\"datePublished\":\"2022-04-15T06:02:33+00:00\",\"dateModified\":\"2024-05-23T07:00:46+00:00\",\"breadcrumb\":{\"@id\":\"https:\\\/\\\/bd-technologies.fr\\\/es\\\/politica-de-cookies\\\/#breadcrumb\"},\"inLanguage\":\"es\",\"potentialAction\":[{\"@type\":\"ReadAction\",\"target\":[\"https:\\\/\\\/bd-technologies.fr\\\/es\\\/politica-de-cookies\\\/\"]}]},{\"@type\":\"ImageObject\",\"inLanguage\":\"es\",\"@id\":\"https:\\\/\\\/bd-technologies.fr\\\/es\\\/politica-de-cookies\\\/#primaryimage\",\"url\":\"https:\\\/\\\/bd-technologies.fr\\\/wp-content\\\/uploads\\\/2024\\\/04\\\/BD-technologies-accueil-min.png\",\"contentUrl\":\"https:\\\/\\\/bd-technologies.fr\\\/wp-content\\\/uploads\\\/2024\\\/04\\\/BD-technologies-accueil-min.png\",\"width\":1550,\"height\":1040},{\"@type\":\"BreadcrumbList\",\"@id\":\"https:\\\/\\\/bd-technologies.fr\\\/es\\\/politica-de-cookies\\\/#breadcrumb\",\"itemListElement\":[{\"@type\":\"ListItem\",\"position\":1,\"name\":\"Accueil\",\"item\":\"https:\\\/\\\/bd-technologies.fr\\\/es\\\/\"},{\"@type\":\"ListItem\",\"position\":2,\"name\":\"Pol\u00edtica de cookies\"}]},{\"@type\":\"WebSite\",\"@id\":\"https:\\\/\\\/bd-technologies.fr\\\/es\\\/#website\",\"url\":\"https:\\\/\\\/bd-technologies.fr\\\/es\\\/\",\"name\":\"BD Technologies\",\"description\":\"\",\"potentialAction\":[{\"@type\":\"SearchAction\",\"target\":{\"@type\":\"EntryPoint\",\"urlTemplate\":\"https:\\\/\\\/bd-technologies.fr\\\/es\\\/?s={search_term_string}\"},\"query-input\":{\"@type\":\"PropertyValueSpecification\",\"valueRequired\":true,\"valueName\":\"search_term_string\"}}],\"inLanguage\":\"es\"}]}<\/script>\n<!-- \/ Yoast SEO plugin. -->","yoast_head_json":{"title":"Pol\u00edtica de cookies - BD Technologies","robots":{"index":"index","follow":"follow","max-snippet":"max-snippet:-1","max-image-preview":"max-image-preview:large","max-video-preview":"max-video-preview:-1"},"canonical":"https:\/\/bd-technologies.fr\/es\/politica-de-cookies\/","og_locale":"es_ES","og_type":"article","og_title":"Pol\u00edtica de cookies - BD Technologies","og_description":"&#13; BD Technologies utiliza cookies que son necesarias para el funcionamiento del sitio web. Algunas cookies se denominan cookies de seguimiento porque permiten al sitio web identificar tu navegador para poder conservar informaci\u00f3n sobre la conexi\u00f3n de tu cuenta, tu cesta de la compra y tus preferencias. BD Technologies utiliza cookies anal\u00edticas. Al activar las [&hellip;]","og_url":"https:\/\/bd-technologies.fr\/es\/politica-de-cookies\/","og_site_name":"BD Technologies","article_modified_time":"2024-05-23T07:00:46+00:00","og_image":[{"width":1550,"height":1040,"url":"https:\/\/bd-technologies.fr\/wp-content\/uploads\/2024\/04\/BD-technologies-accueil-min.png","type":"image\/png"}],"twitter_card":"summary_large_image","twitter_misc":{"Tiempo de lectura":"3 minutos"},"schema":{"@context":"https:\/\/schema.org","@graph":[{"@type":"WebPage","@id":"https:\/\/bd-technologies.fr\/es\/politica-de-cookies\/","url":"https:\/\/bd-technologies.fr\/es\/politica-de-cookies\/","name":"Pol\u00edtica de cookies - BD Technologies","isPartOf":{"@id":"https:\/\/bd-technologies.fr\/es\/#website"},"primaryImageOfPage":{"@id":"https:\/\/bd-technologies.fr\/es\/politica-de-cookies\/#primaryimage"},"image":{"@id":"https:\/\/bd-technologies.fr\/es\/politica-de-cookies\/#primaryimage"},"thumbnailUrl":"https:\/\/bd-technologies.fr\/wp-content\/uploads\/2024\/04\/BD-technologies-accueil-min.png","datePublished":"2022-04-15T06:02:33+00:00","dateModified":"2024-05-23T07:00:46+00:00","breadcrumb":{"@id":"https:\/\/bd-technologies.fr\/es\/politica-de-cookies\/#breadcrumb"},"inLanguage":"es","potentialAction":[{"@type":"ReadAction","target":["https:\/\/bd-technologies.fr\/es\/politica-de-cookies\/"]}]},{"@type":"ImageObject","inLanguage":"es","@id":"https:\/\/bd-technologies.fr\/es\/politica-de-cookies\/#primaryimage","url":"https:\/\/bd-technologies.fr\/wp-content\/uploads\/2024\/04\/BD-technologies-accueil-min.png","contentUrl":"https:\/\/bd-technologies.fr\/wp-content\/uploads\/2024\/04\/BD-technologies-accueil-min.png","width":1550,"height":1040},{"@type":"BreadcrumbList","@id":"https:\/\/bd-technologies.fr\/es\/politica-de-cookies\/#breadcrumb","itemListElement":[{"@type":"ListItem","position":1,"name":"Accueil","item":"https:\/\/bd-technologies.fr\/es\/"},{"@type":"ListItem","position":2,"name":"Pol\u00edtica de cookies"}]},{"@type":"WebSite","@id":"https:\/\/bd-technologies.fr\/es\/#website","url":"https:\/\/bd-technologies.fr\/es\/","name":"BD Technologies","description":"","potentialAction":[{"@type":"SearchAction","target":{"@type":"EntryPoint","urlTemplate":"https:\/\/bd-technologies.fr\/es\/?s={search_term_string}"},"query-input":{"@type":"PropertyValueSpecification","valueRequired":true,"valueName":"search_term_string"}}],"inLanguage":"es"}]}},"_links":{"self":[{"href":"https:\/\/bd-technologies.fr\/es\/wp-json\/wp\/v2\/pages\/4112","targetHints":{"allow":["GET"]}}],"collection":[{"href":"https:\/\/bd-technologies.fr\/es\/wp-json\/wp\/v2\/pages"}],"about":[{"href":"https:\/\/bd-technologies.fr\/es\/wp-json\/wp\/v2\/types\/page"}],"author":[{"embeddable":true,"href":"https:\/\/bd-technologies.fr\/es\/wp-json\/wp\/v2\/users\/1"}],"replies":[{"embeddable":true,"href":"https:\/\/bd-technologies.fr\/es\/wp-json\/wp\/v2\/comments?post=4112"}],"version-history":[{"count":2,"href":"https:\/\/bd-technologies.fr\/es\/wp-json\/wp\/v2\/pages\/4112\/revisions"}],"predecessor-version":[{"id":4114,"href":"https:\/\/bd-technologies.fr\/es\/wp-json\/wp\/v2\/pages\/4112\/revisions\/4114"}],"wp:featuredmedia":[{"embeddable":true,"href":"https:\/\/bd-technologies.fr\/es\/wp-json\/wp\/v2\/media\/3416"}],"wp:attachment":[{"href":"https:\/\/bd-technologies.fr\/es\/wp-json\/wp\/v2\/media?parent=4112"}],"curies":[{"name":"wp","href":"https:\/\/api.w.org\/{rel}","templated":true}]}}