{"id":4215,"date":"2022-04-15T08:02:17","date_gmt":"2022-04-15T06:02:17","guid":{"rendered":"https:\/\/bd-technologies.fr\/informacion-legal\/"},"modified":"2024-05-23T15:21:00","modified_gmt":"2024-05-23T13:21:00","slug":"informacion-legal","status":"publish","type":"page","link":"https:\/\/bd-technologies.fr\/es\/informacion-legal\/","title":{"rendered":"Informaci\u00f3n legal"},"content":{"rendered":"\t\t<div data-elementor-type=\"wp-page\" data-elementor-id=\"4215\" class=\"elementor elementor-4215 elementor-11\" data-elementor-post-type=\"page\">\n\t\t\t\t\t\t<section class=\"elementor-section elementor-top-section elementor-element elementor-element-77bd1149 elementor-section-boxed elementor-section-height-default elementor-section-height-default\" data-id=\"77bd1149\" data-element_type=\"section\" data-e-type=\"section\">\n\t\t\t\t\t\t<div class=\"elementor-container elementor-column-gap-default\">\n\t\t\t\t\t<div class=\"elementor-column elementor-col-100 elementor-top-column elementor-element elementor-element-56c2813d\" data-id=\"56c2813d\" data-element_type=\"column\" data-e-type=\"column\">\n\t\t\t<div class=\"elementor-widget-wrap elementor-element-populated\">\n\t\t\t\t\t\t<div class=\"elementor-element elementor-element-2f1ebbb5 elementor-widget elementor-widget-text-editor\" data-id=\"2f1ebbb5\" data-element_type=\"widget\" data-e-type=\"widget\" data-widget_type=\"text-editor.default\">\n\t\t\t\t<div class=\"elementor-widget-container\">\n\t\t\t\t\t\t\t\t\t<p>EDITOR DEL SITIO WEB<\/p>\n<p>Tecnolog\u00edas BD<br>Domicilio social: 23 Rue Jean Rostand, 81600 Gaillac<\/p>\n<p>(en lo sucesivo, la \u00abempresa editora\u00bb)<\/p>\n<p>Tel. 05 63 81 20 60<\/p>\n<p>&nbsp;Representante legal:<span style=\"caret-color: rgb(0, 0, 0); color: rgb(0, 0, 0); font-family: Calibri, sans-serif; font-size: 11pt; font-style: normal; font-variant-caps: normal;\">D. Serge LAITS\u00c9RAT<\/span><span style=\"caret-color: rgb(0, 0, 0); color: rgb(0, 0, 0); font-family: Calibri, sans-serif; font-size: 11pt; font-style: normal; font-variant-caps: normal;\">&nbsp;<\/span><\/p><span style=\"caret-color: rgb(0, 0, 0); color: rgb(0, 0, 0); font-family: -webkit-standard; font-size: medium; font-style: normal; font-variant-caps: normal;\"><\/span>\n<p>&nbsp;Director de publicaciones:<span style=\"caret-color: rgb(0, 0, 0); color: rgb(0, 0, 0); font-family: Calibri, sans-serif; font-size: 11pt; font-style: normal; font-variant-caps: normal;\">Sr. Serge LAITS\u00c9RAT<\/span><span style=\"caret-color: rgb(0, 0, 0); color: rgb(0, 0, 0); font-family: Calibri, sans-serif; font-size: 11pt; font-style: normal; font-variant-caps: normal;\">&nbsp;<\/span><\/p><span style=\"caret-color: rgb(0, 0, 0); color: rgb(0, 0, 0); font-family: -webkit-standard; font-size: medium; font-style: normal; font-variant-caps: normal;\"><\/span>\n<p>&nbsp;<\/p>\n<p>ALOJAMIENTO Y PRODUCCI\u00d3N T\u00c9CNICA<\/p>\n<p>De conformidad con el art\u00edculo 43-10 de la ley modificada de 30\/09\/1986, y la ley n\u00ba 2004-575 de 21 de junio de 2004 sobre la confianza en la econom\u00eda digital, publicada en el Diario Oficial n\u00ba 143 de 22 de junio de 2004, p\u00e1gina 11168, te informamos de que este sitio est\u00e1 alojado en Francia por :<br>IONOS SARL<\/p>\n<p>Con un capital de 100.000<\/p>\n<p>RCS 43130377500016<\/p>\n<p>IVA FR13431303775<\/p>\n<p>1&amp;1 IONOS<\/p>\n<p>7 PL DE LA GARE<\/p>\n<p>57200 SARREGUEMINES<\/p>\n<p>DISE\u00d1O Y DESARROLLO GR\u00c1FICO<\/p>\n<p>QUATRYS<\/p>\n<p>54 Rue Emile Zola<\/p>\n<p>81100 CASTRES<\/p>\n<p>Francia<\/p>\n<p>Tel.: 05 63 37 85 01<\/p>\n<p>www.quatrys.fr<\/p>\n<p>&nbsp;<\/p>\n<p>FINALIDAD DEL SITIO<\/p>\n<p>Este sitio se ha creado para proporcionarte informaci\u00f3n sobre los proyectos, servicios y valores de la empresa. El Sitio no constituye una oferta contractual. En la medida en que este Sitio se actualiza para tener en cuenta todas las actividades, puede ocurrir que algunas informaciones o anuncios nuevos ya no sean v\u00e1lidos en el momento de su publicaci\u00f3n o que simplemente est\u00e9n desfasados. La empresa editora no puede garantizar, aunque hace todo lo posible para ello, que toda la informaci\u00f3n o noticias publicadas en este Sitio est\u00e9n completamente actualizadas.<\/p>\n<p>&nbsp;<\/p>\n<p>PROPIEDAD INTELECTUAL<\/p>\n<p>Los usuarios de Internet tienen un derecho privado, personal, no colectivo y no exclusivo a utilizar el contenido del sitio. El contenido incluye texto, sonido, im\u00e1genes, v\u00eddeos y animaciones. A reserva de las excepciones al derecho de autor previstas en el art\u00edculo L122-5 del C\u00f3digo franc\u00e9s de la Propiedad Intelectual, cualquier otra utilizaci\u00f3n del contenido est\u00e1 sujeta a la autorizaci\u00f3n previa de la sociedad editora, en particular en caso de que el usuario prevea redistribuir el contenido en otro sitio.La violaci\u00f3n de estas disposiciones imperativas somete al infractor, y a todas las personas responsables, a las sanciones penales y civiles previstas por la ley.El conjunto del contenido de este Sitio y cada uno de sus elementos tomados por separado (todos los nombres de productos o marcas mencionados, arquitectura, textos, fotos, im\u00e1genes, ilustraciones, etc.) es propiedad exclusiva de la sociedad editora y est\u00e1 amparado por la legislaci\u00f3n francesa e internacional en materia de derechos de autor y, de forma m\u00e1s general, de propiedad intelectual.Quedan reservados todos los derechos de reproducci\u00f3n, representaci\u00f3n y comunicaci\u00f3n p\u00fablica, incluidas las representaciones visuales, fotogr\u00e1ficas, iconogr\u00e1ficas o de otro tipo. Queda terminantemente prohibida la reproducci\u00f3n total o parcial de este sitio en cualquier soporte electr\u00f3nico sin la autorizaci\u00f3n expresa del director de la publicaci\u00f3n. Las marcas y logotipos utilizados en este sitio han sido registrados y cualquier reproducci\u00f3n de los mismos constituir\u00eda una infracci\u00f3n de los derechos de autor. De conformidad con el art\u00edculo L.122-4 del C\u00f3digo franc\u00e9s de la Propiedad Intelectual, toda representaci\u00f3n o reproducci\u00f3n no autorizada expresamente, total o parcial y por cualquier procedimiento, es il\u00edcita y constituye una falsificaci\u00f3n sancionada por los art\u00edculos L. 335-2 y siguientes del C\u00f3digo franc\u00e9s de la Propiedad Intelectual.<\/p>\n<p>&nbsp;<\/p>\n<p>LEY DE PROTECCI\u00d3N DE DATOS<\/p>\n<p>Los datos personales recogidos en el Sitio se utilizan \u00fanicamente para gestionar las solicitudes y las estad\u00edsticas internas de la empresa editora. No se transfiere ninguna informaci\u00f3n personal a terceros. Tienes derecho a acceder, modificar, rectificar y eliminar los datos que te conciernen (art. 34 de la Ley francesa de Protecci\u00f3n de Datos). Para ejercer este derecho, ponte en contacto con la empresa editora.<\/p>\t\t\t\t\t\t\t\t<\/div>\n\t\t\t\t<\/div>\n\t\t\t\t\t<\/div>\n\t\t<\/div>\n\t\t\t\t\t<\/div>\n\t\t<\/section>\n\t\t\t\t<\/div>\n\t\t","protected":false},"excerpt":{"rendered":"<p>EDITOR DEL SITIO WEB Tecnolog\u00edas BDDomicilio social: 23 Rue Jean Rostand, 81600 Gaillac (en lo sucesivo, la \u00abempresa editora\u00bb) Tel. 05 63 81 20 60 &nbsp;Representante legal:D. Serge LAITS\u00c9RAT&nbsp; &nbsp;Director de publicaciones:Sr. Serge LAITS\u00c9RAT&nbsp; &nbsp; ALOJAMIENTO Y PRODUCCI\u00d3N T\u00c9CNICA De conformidad con el art\u00edculo 43-10 de la ley modificada de 30\/09\/1986, y la ley n\u00ba [&hellip;]<\/p>\n","protected":false},"author":1,"featured_media":3416,"parent":0,"menu_order":0,"comment_status":"closed","ping_status":"closed","template":"","meta":{"footnotes":""},"class_list":["post-4215","page","type-page","status-publish","has-post-thumbnail","hentry"],"yoast_head":"<!-- This site is optimized with the Yoast SEO plugin v27.4 - https:\/\/yoast.com\/product\/yoast-seo-wordpress\/ -->\n<title>Informaci\u00f3n legal - BD Technologies<\/title>\n<meta name=\"robots\" content=\"index, follow, max-snippet:-1, max-image-preview:large, max-video-preview:-1\" \/>\n<link rel=\"canonical\" href=\"https:\/\/bd-technologies.fr\/es\/informacion-legal\/\" \/>\n<meta property=\"og:locale\" content=\"es_ES\" \/>\n<meta property=\"og:type\" content=\"article\" \/>\n<meta property=\"og:title\" content=\"Informaci\u00f3n legal - BD Technologies\" \/>\n<meta property=\"og:description\" content=\"EDITOR DEL SITIO WEB Tecnolog\u00edas BDDomicilio social: 23 Rue Jean Rostand, 81600 Gaillac (en lo sucesivo, la \u00abempresa editora\u00bb) Tel. 05 63 81 20 60 &nbsp;Representante legal:D. Serge LAITS\u00c9RAT&nbsp; &nbsp;Director de publicaciones:Sr. Serge LAITS\u00c9RAT&nbsp; &nbsp; ALOJAMIENTO Y PRODUCCI\u00d3N T\u00c9CNICA De conformidad con el art\u00edculo 43-10 de la ley modificada de 30\/09\/1986, y la ley n\u00ba [&hellip;]\" \/>\n<meta property=\"og:url\" content=\"https:\/\/bd-technologies.fr\/es\/informacion-legal\/\" \/>\n<meta property=\"og:site_name\" content=\"BD Technologies\" \/>\n<meta property=\"article:modified_time\" content=\"2024-05-23T13:21:00+00:00\" \/>\n<meta property=\"og:image\" content=\"https:\/\/bd-technologies.fr\/wp-content\/uploads\/2024\/04\/BD-technologies-accueil-min.png\" \/>\n\t<meta property=\"og:image:width\" content=\"1550\" \/>\n\t<meta property=\"og:image:height\" content=\"1040\" \/>\n\t<meta property=\"og:image:type\" content=\"image\/png\" \/>\n<meta name=\"twitter:card\" content=\"summary_large_image\" \/>\n<meta name=\"twitter:label1\" content=\"Tiempo de lectura\" \/>\n\t<meta name=\"twitter:data1\" content=\"3 minutos\" \/>\n<script type=\"application\/ld+json\" class=\"yoast-schema-graph\">{\"@context\":\"https:\\\/\\\/schema.org\",\"@graph\":[{\"@type\":\"WebPage\",\"@id\":\"https:\\\/\\\/bd-technologies.fr\\\/es\\\/informacion-legal\\\/\",\"url\":\"https:\\\/\\\/bd-technologies.fr\\\/es\\\/informacion-legal\\\/\",\"name\":\"Informaci\u00f3n legal - BD Technologies\",\"isPartOf\":{\"@id\":\"https:\\\/\\\/bd-technologies.fr\\\/es\\\/#website\"},\"primaryImageOfPage\":{\"@id\":\"https:\\\/\\\/bd-technologies.fr\\\/es\\\/informacion-legal\\\/#primaryimage\"},\"image\":{\"@id\":\"https:\\\/\\\/bd-technologies.fr\\\/es\\\/informacion-legal\\\/#primaryimage\"},\"thumbnailUrl\":\"https:\\\/\\\/bd-technologies.fr\\\/wp-content\\\/uploads\\\/2024\\\/04\\\/BD-technologies-accueil-min.png\",\"datePublished\":\"2022-04-15T06:02:17+00:00\",\"dateModified\":\"2024-05-23T13:21:00+00:00\",\"breadcrumb\":{\"@id\":\"https:\\\/\\\/bd-technologies.fr\\\/es\\\/informacion-legal\\\/#breadcrumb\"},\"inLanguage\":\"es\",\"potentialAction\":[{\"@type\":\"ReadAction\",\"target\":[\"https:\\\/\\\/bd-technologies.fr\\\/es\\\/informacion-legal\\\/\"]}]},{\"@type\":\"ImageObject\",\"inLanguage\":\"es\",\"@id\":\"https:\\\/\\\/bd-technologies.fr\\\/es\\\/informacion-legal\\\/#primaryimage\",\"url\":\"https:\\\/\\\/bd-technologies.fr\\\/wp-content\\\/uploads\\\/2024\\\/04\\\/BD-technologies-accueil-min.png\",\"contentUrl\":\"https:\\\/\\\/bd-technologies.fr\\\/wp-content\\\/uploads\\\/2024\\\/04\\\/BD-technologies-accueil-min.png\",\"width\":1550,\"height\":1040},{\"@type\":\"BreadcrumbList\",\"@id\":\"https:\\\/\\\/bd-technologies.fr\\\/es\\\/informacion-legal\\\/#breadcrumb\",\"itemListElement\":[{\"@type\":\"ListItem\",\"position\":1,\"name\":\"Accueil\",\"item\":\"https:\\\/\\\/bd-technologies.fr\\\/es\\\/\"},{\"@type\":\"ListItem\",\"position\":2,\"name\":\"Informaci\u00f3n legal\"}]},{\"@type\":\"WebSite\",\"@id\":\"https:\\\/\\\/bd-technologies.fr\\\/es\\\/#website\",\"url\":\"https:\\\/\\\/bd-technologies.fr\\\/es\\\/\",\"name\":\"BD Technologies\",\"description\":\"\",\"potentialAction\":[{\"@type\":\"SearchAction\",\"target\":{\"@type\":\"EntryPoint\",\"urlTemplate\":\"https:\\\/\\\/bd-technologies.fr\\\/es\\\/?s={search_term_string}\"},\"query-input\":{\"@type\":\"PropertyValueSpecification\",\"valueRequired\":true,\"valueName\":\"search_term_string\"}}],\"inLanguage\":\"es\"}]}<\/script>\n<!-- \/ Yoast SEO plugin. -->","yoast_head_json":{"title":"Informaci\u00f3n legal - BD Technologies","robots":{"index":"index","follow":"follow","max-snippet":"max-snippet:-1","max-image-preview":"max-image-preview:large","max-video-preview":"max-video-preview:-1"},"canonical":"https:\/\/bd-technologies.fr\/es\/informacion-legal\/","og_locale":"es_ES","og_type":"article","og_title":"Informaci\u00f3n legal - BD Technologies","og_description":"EDITOR DEL SITIO WEB Tecnolog\u00edas BDDomicilio social: 23 Rue Jean Rostand, 81600 Gaillac (en lo sucesivo, la \u00abempresa editora\u00bb) Tel. 05 63 81 20 60 &nbsp;Representante legal:D. Serge LAITS\u00c9RAT&nbsp; &nbsp;Director de publicaciones:Sr. Serge LAITS\u00c9RAT&nbsp; &nbsp; ALOJAMIENTO Y PRODUCCI\u00d3N T\u00c9CNICA De conformidad con el art\u00edculo 43-10 de la ley modificada de 30\/09\/1986, y la ley n\u00ba [&hellip;]","og_url":"https:\/\/bd-technologies.fr\/es\/informacion-legal\/","og_site_name":"BD Technologies","article_modified_time":"2024-05-23T13:21:00+00:00","og_image":[{"width":1550,"height":1040,"url":"https:\/\/bd-technologies.fr\/wp-content\/uploads\/2024\/04\/BD-technologies-accueil-min.png","type":"image\/png"}],"twitter_card":"summary_large_image","twitter_misc":{"Tiempo de lectura":"3 minutos"},"schema":{"@context":"https:\/\/schema.org","@graph":[{"@type":"WebPage","@id":"https:\/\/bd-technologies.fr\/es\/informacion-legal\/","url":"https:\/\/bd-technologies.fr\/es\/informacion-legal\/","name":"Informaci\u00f3n legal - BD Technologies","isPartOf":{"@id":"https:\/\/bd-technologies.fr\/es\/#website"},"primaryImageOfPage":{"@id":"https:\/\/bd-technologies.fr\/es\/informacion-legal\/#primaryimage"},"image":{"@id":"https:\/\/bd-technologies.fr\/es\/informacion-legal\/#primaryimage"},"thumbnailUrl":"https:\/\/bd-technologies.fr\/wp-content\/uploads\/2024\/04\/BD-technologies-accueil-min.png","datePublished":"2022-04-15T06:02:17+00:00","dateModified":"2024-05-23T13:21:00+00:00","breadcrumb":{"@id":"https:\/\/bd-technologies.fr\/es\/informacion-legal\/#breadcrumb"},"inLanguage":"es","potentialAction":[{"@type":"ReadAction","target":["https:\/\/bd-technologies.fr\/es\/informacion-legal\/"]}]},{"@type":"ImageObject","inLanguage":"es","@id":"https:\/\/bd-technologies.fr\/es\/informacion-legal\/#primaryimage","url":"https:\/\/bd-technologies.fr\/wp-content\/uploads\/2024\/04\/BD-technologies-accueil-min.png","contentUrl":"https:\/\/bd-technologies.fr\/wp-content\/uploads\/2024\/04\/BD-technologies-accueil-min.png","width":1550,"height":1040},{"@type":"BreadcrumbList","@id":"https:\/\/bd-technologies.fr\/es\/informacion-legal\/#breadcrumb","itemListElement":[{"@type":"ListItem","position":1,"name":"Accueil","item":"https:\/\/bd-technologies.fr\/es\/"},{"@type":"ListItem","position":2,"name":"Informaci\u00f3n legal"}]},{"@type":"WebSite","@id":"https:\/\/bd-technologies.fr\/es\/#website","url":"https:\/\/bd-technologies.fr\/es\/","name":"BD Technologies","description":"","potentialAction":[{"@type":"SearchAction","target":{"@type":"EntryPoint","urlTemplate":"https:\/\/bd-technologies.fr\/es\/?s={search_term_string}"},"query-input":{"@type":"PropertyValueSpecification","valueRequired":true,"valueName":"search_term_string"}}],"inLanguage":"es"}]}},"_links":{"self":[{"href":"https:\/\/bd-technologies.fr\/es\/wp-json\/wp\/v2\/pages\/4215","targetHints":{"allow":["GET"]}}],"collection":[{"href":"https:\/\/bd-technologies.fr\/es\/wp-json\/wp\/v2\/pages"}],"about":[{"href":"https:\/\/bd-technologies.fr\/es\/wp-json\/wp\/v2\/types\/page"}],"author":[{"embeddable":true,"href":"https:\/\/bd-technologies.fr\/es\/wp-json\/wp\/v2\/users\/1"}],"replies":[{"embeddable":true,"href":"https:\/\/bd-technologies.fr\/es\/wp-json\/wp\/v2\/comments?post=4215"}],"version-history":[{"count":4,"href":"https:\/\/bd-technologies.fr\/es\/wp-json\/wp\/v2\/pages\/4215\/revisions"}],"predecessor-version":[{"id":4220,"href":"https:\/\/bd-technologies.fr\/es\/wp-json\/wp\/v2\/pages\/4215\/revisions\/4220"}],"wp:featuredmedia":[{"embeddable":true,"href":"https:\/\/bd-technologies.fr\/es\/wp-json\/wp\/v2\/media\/3416"}],"wp:attachment":[{"href":"https:\/\/bd-technologies.fr\/es\/wp-json\/wp\/v2\/media?parent=4215"}],"curies":[{"name":"wp","href":"https:\/\/api.w.org\/{rel}","templated":true}]}}